{"id":90,"date":"2019-08-25T14:41:34","date_gmt":"2019-08-25T12:41:34","guid":{"rendered":"https:\/\/initiative-teltower-vorstadt.de\/blog\/?page_id=90"},"modified":"2024-04-17T21:58:03","modified_gmt":"2024-04-17T19:58:03","slug":"impressum","status":"publish","type":"page","link":"https:\/\/initiative-teltower-vorstadt.de\/blog\/impressum\/","title":{"rendered":"Impressum"},"content":{"rendered":"\n<p><strong>E-Mail-Adresse<\/strong>: blog (at) initiative-teltower-vorstadt (punkt) de<\/p>\n\n\n\n<h4 class=\"wp-block-heading\">Haftung f\u00fcr Links<\/h4>\n\n\n\n<p>Unser Angebot enth\u00e4lt Links zu externen Websites Dritter, auf deren Inhalte wir keinen Einfluss haben. Deshalb k\u00f6nnen wir f\u00fcr diese fremden Inhalte auch keine Gew\u00e4hr \u00fcbernehmen. F\u00fcr die Inhalte der verlinkten Seiten ist stets der jeweilige Anbieter oder Betreiber der Seiten verantwortlich. Die verlinkten Seiten wurden zum Zeitpunkt der Verlinkung auf m\u00f6gliche     Rechtsverst\u00f6\u00dfe \u00fcberpr\u00fcft. Rechtswidrige Inhalte waren zum Zeitpunkt der Verlinkung nicht  erkennbar.<\/p>\n\n\n\n<p>Eine permanente inhaltliche Kontrolle der verlinkten Seiten ist jedoch ohne konkrete  Anhaltspunkte einer Rechtsverletzung nicht zumutbar. Bei Bekanntwerden von Rechtsverletzungen werden wir     derartige Links umgehend entfernen.<\/p>\n\n\n\n<h3 class=\"wp-block-heading\">Urheberrecht<\/h3>\n\n\n\n<p>Die durch die Seitenbetreiber erstellten Inhalte und Werke auf diesen Seiten unterliegen dem deutschen Urheberrecht. Die Vervielf\u00e4ltigung,    Bearbeitung, Verbreitung und jede Art der Verwertung au\u00dferhalb der Grenzen des Urheberrechtes  bed\u00fcrfen der schriftlichen Zustimmung des jeweiligen Autors bzw. Erstellers. Downloads und Kopien dieser  Seite sind nur f\u00fcr den privaten, nicht kommerziellen Gebrauch gestattet.<\/p>\n\n\n\n<p>Soweit die Inhalte auf dieser Seite nicht vom Betreiber erstellt wurden, werden die Urheberrechte Dritter beachtet. Insbesondere werden     Inhalte Dritter als solche gekennzeichnet. Sollten Sie trotzdem auf eine Urheberrechtsverletzung aufmerksam     werden, bitten wir um einen entsprechenden Hinweis. Bei Bekanntwerden von Rechtsverletzungen werden wir    derartige Inhalte umgehend entfernen.<\/p>\n\n\n\n<p>Quelle: <a href=\"https:\/\/www.e-recht24.de\">e-recht24.de<\/a><\/p>\n\n\n\n<h4 class=\"wp-block-heading\">DSGVO<\/h4>\n\n\n\n<p>Mit\n der folgenden Datenschutzerkl\u00e4rung m\u00f6chten wir Sie dar\u00fcber aufkl\u00e4ren, \nwelche Arten Ihrer personenbezogenen Daten (nachfolgend auch kurz als \n&#8222;Daten\u201c bezeichnet) wir zu welchen Zwecken und in welchem Umfang \nverarbeiten. Die Datenschutzerkl\u00e4rung gilt f\u00fcr alle von uns \ndurchgef\u00fchrten Verarbeitungen personenbezogener Daten, sowohl im Rahmen \nder Erbringung unserer Leistungen als auch insbesondere auf unseren \nWebseiten, in mobilen Applikationen sowie innerhalb externer \nOnlinepr\u00e4senzen, wie z.B. unserer Social-Media-Profile (nachfolgend \nzusammenfassend bezeichnet als &#8222;Onlineangebot\u201c).<\/p>\n\n\n\n<h4 class=\"wp-block-heading\" id=\"m13\">Ma\u00dfgebliche Rechtsgrundlagen<\/h4>\n\n\n\n<p>Im\n Folgenden teilen wir die Rechtsgrundlagen der \nDatenschutzgrundverordnung (DSGVO), auf deren Basis wir die \npersonenbezogenen Daten verarbeiten, mit. Bitte beachten Sie, dass \nzus\u00e4tzlich zu den Regelungen der DSGVO die nationalen \nDatenschutzvorgaben in Ihrem bzw. unserem Wohn- und Sitzland gelten \nk\u00f6nnen.<\/p>\n\n\n\n<p><strong>Nationale Datenschutzregelungen in Deutschland<\/strong>:\n Zus\u00e4tzlich zu den Datenschutzregelungen der Datenschutz-Grundverordnung\n gelten nationale Regelungen zum Datenschutz in Deutschland. Hierzu \ngeh\u00f6rt insbesondere das Gesetz zum Schutz vor Missbrauch \npersonenbezogener Daten bei der Datenverarbeitung \n(Bundesdatenschutzgesetz \u2013 BDSG). Das BDSG enth\u00e4lt insbesondere \nSpezialregelungen zum Recht auf Auskunft, zum Recht auf L\u00f6schung, zum \nWiderspruchsrecht, zur Verarbeitung besonderer Kategorien \npersonenbezogener Daten, zur Verarbeitung f\u00fcr andere Zwecke und zur \n\u00dcbermittlung sowie automatisierten Entscheidungsfindung im Einzelfall \neinschlie\u00dflich Profiling. Des Weiteren regelt es die Datenverarbeitung \nf\u00fcr Zwecke des Besch\u00e4ftigungsverh\u00e4ltnisses (\u00a7 26 BDSG), insbesondere im \nHinblick auf die Begr\u00fcndung, Durchf\u00fchrung oder Beendigung von \nBesch\u00e4ftigungsverh\u00e4ltnissen sowie die Einwilligung von Besch\u00e4ftigten. \nFerner k\u00f6nnen Landesdatenschutzgesetze der einzelnen Bundesl\u00e4nder zur \nAnwendung gelangen.<\/p>\n\n\n\n<h4 class=\"wp-block-heading\" id=\"m104\">Blogs und Publikationsmedien<\/h4>\n\n\n\n<p>Wir\n nutzen Blogs oder vergleichbare Mittel der Onlinekommunikation und \nPublikation (nachfolgend &#8222;Publikationsmedium&#8220;). Die Daten der Leser \nwerden f\u00fcr die Zwecke des Publikationsmediums nur insoweit verarbeitet, \nals es f\u00fcr dessen Darstellung und die Kommunikation zwischen Autoren und\n Lesern oder aus Gr\u00fcnden der Sicherheit erforderlich ist. Im \u00dcbrigen \nverweisen wir auf die Informationen zur Verarbeitung der Besucher \nunseres Publikationsmediums im Rahmen dieser Datenschutzhinweise.<\/p>\n\n\n\n<p><strong>Kommentare und Beitr\u00e4ge<\/strong>:\n Wenn Nutzer Kommentare oder sonstige Beitr\u00e4ge hinterlassen, k\u00f6nnen ihre\n IP-Adressen auf Grundlage unserer berechtigten Interessen gespeichert \nwerden. Das erfolgt zu unserer Sicherheit, falls jemand in Kommentaren \nund Beitr\u00e4gen widerrechtliche Inhalte hinterl\u00e4sst (Beleidigungen, \nverbotene politische Propaganda etc.). In diesem Fall k\u00f6nnen wir selbst \nf\u00fcr den Kommentar oder Beitrag belangt werden und sind daher an der \nIdentit\u00e4t des Verfassers interessiert.<\/p>\n\n\n\n<p>Des Weiteren \nbehalten wir uns vor, auf Grundlage unserer berechtigten Interessen die \nAngaben der Nutzer zwecks Spamerkennung zu verarbeiten.<\/p>\n\n\n\n<p>Auf\n derselben Rechtsgrundlage behalten wir uns vor, im Fall von Umfragen \ndie IP-Adressen der Nutzer f\u00fcr deren Dauer zu speichern und Cookies zu \nverwenden, um Mehrfachabstimmungen zu vermeiden.<\/p>\n\n\n\n<p>Die im \nRahmen der Kommentare und Beitr\u00e4ge mitgeteilten Informationen zur \nPerson, etwaige Kontakt- sowie Webseiteninformationen als auch die \ninhaltlichen Angaben werden von uns bis zum Widerspruch der Nutzer \ndauerhaft gespeichert.<\/p>\n\n\n\n<p><strong>Abruf von WordPress-Emojis und -Smilies<\/strong>:\n Innerhalb unseres WordPress-Blogs werden zu Zwecken der effizienten \nEinbindung von Inhaltselementen grafische Emojis (bzw. Smilies), d.h., \nkleine grafische Dateien, die Gef\u00fchle ausdr\u00fccken, eingesetzt, bezogen \nvon externen Servern. Die Anbieter der Server erheben die IP-Adressen \nder Nutzer. Dies ist notwendig, damit die Emoji-Dateien an die Browser \nder Nutzer \u00fcbermittelt werden k\u00f6nnen.<\/p>\n\n\n\n<ul class=\"wp-block-list\"><li><strong>Verarbeitete Datenarten:<\/strong>\n Bestandsdaten (z.B. Namen, Adressen), Kontaktdaten (z.B. E-Mail, \nTelefonnummern), Inhaltsdaten  (z.B. Texteingaben, Fotografien, Videos),\n Nutzungsdaten  (z.B. besuchte Webseiten, Interesse an Inhalten, \nZugriffszeiten), Meta-\/Kommunikationsdaten (z.B. Ger\u00e4te-Informationen, \nIP-Adressen), Vertragsdaten  (z.B. Vertragsgegenstand, Laufzeit, \nKundenkategorie).<\/li><li><strong>Betroffene Personen:<\/strong> Nutzer (z.B. Webseitenbesucher, Nutzer von Onlinediensten).<\/li><li><strong>Zwecke der Verarbeitung:<\/strong>\n Vertragliche Leistungen und Service, Feedback (z.B. Sammeln von \nFeedback via Online-Formular), Sicherheitsma\u00dfnahmen, Verwaltung und \nBeantwortung von Anfragen.<\/li><li><strong>Rechtsgrundlagen:<\/strong>\n Vertragserf\u00fcllung und vorvertragliche Anfragen (Art. 6 Abs. 1 S. 1 lit.\n b. DSGVO), Berechtigte Interessen (Art. 6 Abs. 1 S. 1 lit. f. DSGVO), \nEinwilligung (Art. 6 Abs. 1 S. 1 lit. a DSGVO), Schutz lebenswichtiger \nInteressen (Art. 6 Abs. 1 S. 1 lit. d. DSGVO).<\/li><\/ul>\n\n\n\n<p><strong>Eingesetzte Dienste und Diensteanbieter:<\/strong><\/p>\n\n\n\n<ul class=\"wp-block-list\"><li><strong>Abruf von WordPress-Emojis und -Smilies:<\/strong>\n Abruf von WordPress-Emojis und -Smilies; Dienstanbieter: Automattic \nInc., 60 29th Street #343, San Francisco, CA 94110, USA; Website: <a href=\"https:\/\/automattic.com\" target=\"_blank\" rel=\"noreferrer noopener\">https:\/\/automattic.com<\/a>; Datenschutzerkl\u00e4rung: <a href=\"https:\/\/automattic.com\/privacy\" target=\"_blank\" rel=\"noreferrer noopener\">https:\/\/automattic.com\/privacy<\/a>.<\/li><li><strong>WordPress.com:<\/strong> Hostingplattform f\u00fcr Blogs; Dienstanbieter: Automattic Inc., 60 29th Street #343, San Francisco, CA 94110, USA; Website: <a href=\"https:\/\/wordpress.com\" target=\"_blank\" rel=\"noreferrer noopener\">https:\/\/wordpress.com<\/a>; Datenschutzerkl\u00e4rung: <a href=\"https:\/\/automattic.com\/de\/privacy\/\" target=\"_blank\" rel=\"noreferrer noopener\">https:\/\/automattic.com\/de\/privacy\/<\/a>.<\/li><\/ul>\n","protected":false},"excerpt":{"rendered":"<p>E-Mail-Adresse: blog (at) initiative-teltower-vorstadt (punkt) de Haftung f\u00fcr Links Unser Angebot enth\u00e4lt Links zu externen Websites Dritter, auf deren Inhalte wir keinen Einfluss haben. Deshalb k\u00f6nnen wir f\u00fcr diese fremden Inhalte auch keine Gew\u00e4hr \u00fcbernehmen. F\u00fcr die Inhalte der verlinkten Seiten ist stets der jeweilige Anbieter oder Betreiber der Seiten verantwortlich. Die verlinkten Seiten wurden &hellip; <a href=\"https:\/\/initiative-teltower-vorstadt.de\/blog\/impressum\/\" class=\"more-link\"><span class=\"screen-reader-text\">\u201eImpressum\u201c<\/span> weiterlesen<\/a><\/p>\n","protected":false},"author":1,"featured_media":0,"parent":0,"menu_order":0,"comment_status":"closed","ping_status":"closed","template":"","meta":{"footnotes":""},"class_list":["post-90","page","type-page","status-publish","hentry"],"_links":{"self":[{"href":"https:\/\/initiative-teltower-vorstadt.de\/blog\/wp-json\/wp\/v2\/pages\/90","targetHints":{"allow":["GET"]}}],"collection":[{"href":"https:\/\/initiative-teltower-vorstadt.de\/blog\/wp-json\/wp\/v2\/pages"}],"about":[{"href":"https:\/\/initiative-teltower-vorstadt.de\/blog\/wp-json\/wp\/v2\/types\/page"}],"author":[{"embeddable":true,"href":"https:\/\/initiative-teltower-vorstadt.de\/blog\/wp-json\/wp\/v2\/users\/1"}],"replies":[{"embeddable":true,"href":"https:\/\/initiative-teltower-vorstadt.de\/blog\/wp-json\/wp\/v2\/comments?post=90"}],"version-history":[{"count":6,"href":"https:\/\/initiative-teltower-vorstadt.de\/blog\/wp-json\/wp\/v2\/pages\/90\/revisions"}],"predecessor-version":[{"id":1314,"href":"https:\/\/initiative-teltower-vorstadt.de\/blog\/wp-json\/wp\/v2\/pages\/90\/revisions\/1314"}],"wp:attachment":[{"href":"https:\/\/initiative-teltower-vorstadt.de\/blog\/wp-json\/wp\/v2\/media?parent=90"}],"curies":[{"name":"wp","href":"https:\/\/api.w.org\/{rel}","templated":true}]}}