{"id":10,"date":"2019-08-18T18:21:04","date_gmt":"2019-08-18T16:21:04","guid":{"rendered":"https:\/\/initiative-teltower-vorstadt.de\/blog\/?page_id=10"},"modified":"2022-09-27T11:47:50","modified_gmt":"2022-09-27T09:47:50","slug":"kontakt","status":"publish","type":"page","link":"https:\/\/initiative-teltower-vorstadt.de\/blog\/kontakt\/","title":{"rendered":"Kontakt"},"content":{"rendered":"<p>Am leichtesten erreicht man uns auf einem unserer Treffen (jeden zweiten Mittwoch im Kiezcaf\u00e9 &#8222;Mittwochstresen&#8220;) oder auf \u00f6ffentlichen Veranstaltungen in Potsdam, an denen wir regelm\u00e4\u00dfig teilnehmen. Wir k\u00fcndigen diese Treffen hier im Blog vorher an.<\/p>\n<p>Bitte haben Sie Verst\u00e4ndnis daf\u00fcr, dass wir keine M\u00f6glichkeit zur Kontaktaufnahme online zur Verf\u00fcgung stellen. Als lose Initiative fehlt uns dazu sowohl der rechtliche Rahmen als auch die Kapazit\u00e4t um angemessen auf Anfragen zu reagieren.<\/p>\n\n\n<p>Wir sind auch erreichbar auf Facebook, jedoch nur sporadisch<br><a href=\"https:\/\/www.facebook.com\/AITV2019\/\" target=\"_blank\" rel=\"noreferrer noopener\" aria-label=\" (\u00f6ffnet in neuem Tab)\">https:\/\/www.facebook.com\/AITV2019\/<\/a><\/p>\n","protected":false},"excerpt":{"rendered":"<p>Am leichtesten erreicht man uns auf einem unserer Treffen (jeden zweiten Mittwoch im Kiezcaf\u00e9 &#8222;Mittwochstresen&#8220;) oder auf \u00f6ffentlichen Veranstaltungen in Potsdam, an denen wir regelm\u00e4\u00dfig teilnehmen. Wir k\u00fcndigen diese Treffen hier im Blog vorher an. Bitte haben Sie Verst\u00e4ndnis daf\u00fcr, dass wir keine M\u00f6glichkeit zur Kontaktaufnahme online zur Verf\u00fcgung stellen. Als lose Initiative fehlt uns &hellip; <a href=\"https:\/\/initiative-teltower-vorstadt.de\/blog\/kontakt\/\" class=\"more-link\"><span class=\"screen-reader-text\">\u201eKontakt\u201c<\/span> weiterlesen<\/a><\/p>\n","protected":false},"author":1,"featured_media":0,"parent":0,"menu_order":0,"comment_status":"closed","ping_status":"closed","template":"","meta":{"footnotes":""},"class_list":["post-10","page","type-page","status-publish","hentry"],"_links":{"self":[{"href":"https:\/\/initiative-teltower-vorstadt.de\/blog\/wp-json\/wp\/v2\/pages\/10","targetHints":{"allow":["GET"]}}],"collection":[{"href":"https:\/\/initiative-teltower-vorstadt.de\/blog\/wp-json\/wp\/v2\/pages"}],"about":[{"href":"https:\/\/initiative-teltower-vorstadt.de\/blog\/wp-json\/wp\/v2\/types\/page"}],"author":[{"embeddable":true,"href":"https:\/\/initiative-teltower-vorstadt.de\/blog\/wp-json\/wp\/v2\/users\/1"}],"replies":[{"embeddable":true,"href":"https:\/\/initiative-teltower-vorstadt.de\/blog\/wp-json\/wp\/v2\/comments?post=10"}],"version-history":[{"count":8,"href":"https:\/\/initiative-teltower-vorstadt.de\/blog\/wp-json\/wp\/v2\/pages\/10\/revisions"}],"predecessor-version":[{"id":890,"href":"https:\/\/initiative-teltower-vorstadt.de\/blog\/wp-json\/wp\/v2\/pages\/10\/revisions\/890"}],"wp:attachment":[{"href":"https:\/\/initiative-teltower-vorstadt.de\/blog\/wp-json\/wp\/v2\/media?parent=10"}],"curies":[{"name":"wp","href":"https:\/\/api.w.org\/{rel}","templated":true}]}}